{"id":385,"date":"2021-01-22T19:16:27","date_gmt":"2021-01-22T18:16:27","guid":{"rendered":"https:\/\/www.bonavenir.ca\/nous-joindre\/"},"modified":"2025-09-29T18:15:18","modified_gmt":"2025-09-29T16:15:18","slug":"contact","status":"publish","type":"page","link":"https:\/\/www.bonavenir.ca\/en\/contact\/","title":{"rendered":"Contact"},"content":{"rendered":"<h2>CONTACT INFORMATION<\/h2>\n<p>514-703-6147<br \/>\nbonavenirdemenagement@gmail.com<\/p>\n<ul>\n<li>1320 Rue Gay Lussac,Local 102, Boucherville,J4B 7G4<\/li>\n<li>620 Boulevard Sir Wilfrid Laurier,Local 105,Mont Saint Hilaire,J3H 4X6<\/li>\n<\/ul>\n","protected":false},"excerpt":{"rendered":"<p>CONTACT INFORMATION 514-703-6147 bonavenirdemenagement@gmail.com 1320 Rue Gay Lussac,Local 102, Boucherville,J4B 7G4 620 Boulevard Sir Wilfrid Laurier,Local 105,Mont Saint Hilaire,J3H 4X6<\/p>\n","protected":false},"author":1,"featured_media":0,"parent":0,"menu_order":0,"comment_status":"closed","ping_status":"closed","template":"page-nous-joindre.php","meta":{"_acf_changed":false,"footnotes":""},"class_list":["post-385","page","type-page","status-publish","hentry"],"acf":[],"yoast_head":"<!-- This site is optimized with the Yoast SEO plugin v23.4 - https:\/\/yoast.com\/wordpress\/plugins\/seo\/ -->\n<title>Contact - D\u00e9m\u00e9nagement Bon Avenir<\/title>\n<meta name=\"robots\" content=\"index, follow, max-snippet:-1, max-image-preview:large, max-video-preview:-1\" \/>\n<link rel=\"canonical\" href=\"https:\/\/www.bonavenir.ca\/en\/contact\/\" \/>\n<meta property=\"og:locale\" content=\"en_US\" \/>\n<meta property=\"og:type\" content=\"article\" \/>\n<meta property=\"og:title\" content=\"Contact - D\u00e9m\u00e9nagement Bon Avenir\" \/>\n<meta property=\"og:description\" content=\"CONTACT INFORMATION 514-703-6147 bonavenirdemenagement@gmail.com 1320 Rue Gay Lussac,Local 102, Boucherville,J4B 7G4 620 Boulevard Sir Wilfrid Laurier,Local 105,Mont Saint Hilaire,J3H 4X6\" \/>\n<meta property=\"og:url\" content=\"https:\/\/www.bonavenir.ca\/en\/contact\/\" \/>\n<meta property=\"og:site_name\" content=\"D\u00e9m\u00e9nagement Bon Avenir\" \/>\n<meta property=\"article:modified_time\" content=\"2025-09-29T16:15:18+00:00\" \/>\n<meta name=\"twitter:card\" content=\"summary_large_image\" \/>\n<meta name=\"twitter:label1\" content=\"Est. reading time\" \/>\n\t<meta name=\"twitter:data1\" content=\"1 minute\" \/>\n<script type=\"application\/ld+json\" class=\"yoast-schema-graph\">{\"@context\":\"https:\/\/schema.org\",\"@graph\":[{\"@type\":\"WebPage\",\"@id\":\"https:\/\/www.bonavenir.ca\/en\/contact\/\",\"url\":\"https:\/\/www.bonavenir.ca\/en\/contact\/\",\"name\":\"Contact - D\u00e9m\u00e9nagement Bon Avenir\",\"isPartOf\":{\"@id\":\"https:\/\/www.bonavenir.ca\/#website\"},\"datePublished\":\"2021-01-22T18:16:27+00:00\",\"dateModified\":\"2025-09-29T16:15:18+00:00\",\"breadcrumb\":{\"@id\":\"https:\/\/www.bonavenir.ca\/en\/contact\/#breadcrumb\"},\"inLanguage\":\"en-US\",\"potentialAction\":[{\"@type\":\"ReadAction\",\"target\":[\"https:\/\/www.bonavenir.ca\/en\/contact\/\"]}]},{\"@type\":\"BreadcrumbList\",\"@id\":\"https:\/\/www.bonavenir.ca\/en\/contact\/#breadcrumb\",\"itemListElement\":[{\"@type\":\"ListItem\",\"position\":1,\"name\":\"Accueil\",\"item\":\"https:\/\/www.bonavenir.ca\/en\/\"},{\"@type\":\"ListItem\",\"position\":2,\"name\":\"Contact\"}]},{\"@type\":\"WebSite\",\"@id\":\"https:\/\/www.bonavenir.ca\/#website\",\"url\":\"https:\/\/www.bonavenir.ca\/\",\"name\":\"D\u00e9m\u00e9nagement Bon Avenir\",\"description\":\"Nous vous d\u00e9m\u00e9nageons vers un bon avenir\",\"potentialAction\":[{\"@type\":\"SearchAction\",\"target\":{\"@type\":\"EntryPoint\",\"urlTemplate\":\"https:\/\/www.bonavenir.ca\/?s={search_term_string}\"},\"query-input\":{\"@type\":\"PropertyValueSpecification\",\"valueRequired\":true,\"valueName\":\"search_term_string\"}}],\"inLanguage\":\"en-US\"}]}<\/script>\n<!-- \/ Yoast SEO plugin. -->","yoast_head_json":{"title":"Contact - D\u00e9m\u00e9nagement Bon Avenir","robots":{"index":"index","follow":"follow","max-snippet":"max-snippet:-1","max-image-preview":"max-image-preview:large","max-video-preview":"max-video-preview:-1"},"canonical":"https:\/\/www.bonavenir.ca\/en\/contact\/","og_locale":"en_US","og_type":"article","og_title":"Contact - D\u00e9m\u00e9nagement Bon Avenir","og_description":"CONTACT INFORMATION 514-703-6147 bonavenirdemenagement@gmail.com 1320 Rue Gay Lussac,Local 102, Boucherville,J4B 7G4 620 Boulevard Sir Wilfrid Laurier,Local 105,Mont Saint Hilaire,J3H 4X6","og_url":"https:\/\/www.bonavenir.ca\/en\/contact\/","og_site_name":"D\u00e9m\u00e9nagement Bon Avenir","article_modified_time":"2025-09-29T16:15:18+00:00","twitter_card":"summary_large_image","twitter_misc":{"Est. reading time":"1 minute"},"schema":{"@context":"https:\/\/schema.org","@graph":[{"@type":"WebPage","@id":"https:\/\/www.bonavenir.ca\/en\/contact\/","url":"https:\/\/www.bonavenir.ca\/en\/contact\/","name":"Contact - D\u00e9m\u00e9nagement Bon Avenir","isPartOf":{"@id":"https:\/\/www.bonavenir.ca\/#website"},"datePublished":"2021-01-22T18:16:27+00:00","dateModified":"2025-09-29T16:15:18+00:00","breadcrumb":{"@id":"https:\/\/www.bonavenir.ca\/en\/contact\/#breadcrumb"},"inLanguage":"en-US","potentialAction":[{"@type":"ReadAction","target":["https:\/\/www.bonavenir.ca\/en\/contact\/"]}]},{"@type":"BreadcrumbList","@id":"https:\/\/www.bonavenir.ca\/en\/contact\/#breadcrumb","itemListElement":[{"@type":"ListItem","position":1,"name":"Accueil","item":"https:\/\/www.bonavenir.ca\/en\/"},{"@type":"ListItem","position":2,"name":"Contact"}]},{"@type":"WebSite","@id":"https:\/\/www.bonavenir.ca\/#website","url":"https:\/\/www.bonavenir.ca\/","name":"D\u00e9m\u00e9nagement Bon Avenir","description":"Nous vous d\u00e9m\u00e9nageons vers un bon avenir","potentialAction":[{"@type":"SearchAction","target":{"@type":"EntryPoint","urlTemplate":"https:\/\/www.bonavenir.ca\/?s={search_term_string}"},"query-input":{"@type":"PropertyValueSpecification","valueRequired":true,"valueName":"search_term_string"}}],"inLanguage":"en-US"}]}},"_links":{"self":[{"href":"https:\/\/www.bonavenir.ca\/en\/wp-json\/wp\/v2\/pages\/385","targetHints":{"allow":["GET"]}}],"collection":[{"href":"https:\/\/www.bonavenir.ca\/en\/wp-json\/wp\/v2\/pages"}],"about":[{"href":"https:\/\/www.bonavenir.ca\/en\/wp-json\/wp\/v2\/types\/page"}],"author":[{"embeddable":true,"href":"https:\/\/www.bonavenir.ca\/en\/wp-json\/wp\/v2\/users\/1"}],"replies":[{"embeddable":true,"href":"https:\/\/www.bonavenir.ca\/en\/wp-json\/wp\/v2\/comments?post=385"}],"version-history":[{"count":7,"href":"https:\/\/www.bonavenir.ca\/en\/wp-json\/wp\/v2\/pages\/385\/revisions"}],"predecessor-version":[{"id":1363,"href":"https:\/\/www.bonavenir.ca\/en\/wp-json\/wp\/v2\/pages\/385\/revisions\/1363"}],"wp:attachment":[{"href":"https:\/\/www.bonavenir.ca\/en\/wp-json\/wp\/v2\/media?parent=385"}],"curies":[{"name":"wp","href":"https:\/\/api.w.org\/{rel}","templated":true}]}}